{"id":15628,"date":"2025-01-06T11:28:41","date_gmt":"2025-01-06T10:28:41","guid":{"rendered":"http:\/\/www.alle-tiders.no\/global-blue\/"},"modified":"2026-02-12T10:13:54","modified_gmt":"2026-02-12T09:13:54","slug":"global-blue","status":"publish","type":"page","link":"https:\/\/www.alle-tiders.no\/en\/global-blue\/","title":{"rendered":"Global Blue"},"content":{"rendered":"\r\n<p><img loading=\"lazy\" decoding=\"async\" title=\"Global-Blue-Logo-New\" src=\"http:\/\/alletiders.wpenginepowered.com\/wp-content\/uploads\/2025\/01\/Global-Blue-Logo-New.png\" alt=\"Global-Blue-Logo-New\" width=\"3840\" height=\"2160\" \/><\/p>\r\n<p>Velkommen til v\u00e5re butikker<\/p>\r\n<h2>Utforsk v\u00e5re unike butikker i Oslo sentrum &#8211; fylt med norske skatter og tradisjoner<\/h2>\r\n<p><em>V\u00e5re butikker ligger sentralt i Oslo, perfekte stoppesteder for deg som \u00f8nsker \u00e5 ta med en bit av Norge hjem. Fra h\u00e5ndlagde tekstiler til smakfulle delikatesser &#8211; vi har noe for alle.<\/em><\/p>\r\n","protected":false},"excerpt":{"rendered":"<p>Velkommen til v\u00e5re butikker Utforsk v\u00e5re unike butikker i Oslo sentrum &#8211; fylt med norske skatter og tradisjoner V\u00e5re butikker ligger sentralt i Oslo, perfekte stoppesteder for deg som \u00f8nsker \u00e5 ta med en bit av Norge hjem. Fra h\u00e5ndlagde tekstiler til smakfulle delikatesser &#8211; vi har noe for alle.<\/p>\n","protected":false},"author":6,"featured_media":0,"parent":0,"menu_order":0,"comment_status":"closed","ping_status":"closed","template":"","meta":{"_acf_changed":false,"inline_featured_image":false,"footnotes":""},"class_list":["post-15628","page","type-page","status-publish","hentry"],"acf":[],"_links":{"self":[{"href":"https:\/\/www.alle-tiders.no\/en\/wp-json\/wp\/v2\/pages\/15628","targetHints":{"allow":["GET"]}}],"collection":[{"href":"https:\/\/www.alle-tiders.no\/en\/wp-json\/wp\/v2\/pages"}],"about":[{"href":"https:\/\/www.alle-tiders.no\/en\/wp-json\/wp\/v2\/types\/page"}],"author":[{"embeddable":true,"href":"https:\/\/www.alle-tiders.no\/en\/wp-json\/wp\/v2\/users\/6"}],"replies":[{"embeddable":true,"href":"https:\/\/www.alle-tiders.no\/en\/wp-json\/wp\/v2\/comments?post=15628"}],"version-history":[{"count":0,"href":"https:\/\/www.alle-tiders.no\/en\/wp-json\/wp\/v2\/pages\/15628\/revisions"}],"wp:attachment":[{"href":"https:\/\/www.alle-tiders.no\/en\/wp-json\/wp\/v2\/media?parent=15628"}],"curies":[{"name":"wp","href":"https:\/\/api.w.org\/{rel}","templated":true}]}}