{"id":15633,"date":"2024-10-31T07:27:38","date_gmt":"2024-10-31T06:27:38","guid":{"rendered":"http:\/\/www.alle-tiders.no\/about-us\/"},"modified":"2025-01-29T15:11:28","modified_gmt":"2025-01-29T14:11:28","slug":"about-us","status":"publish","type":"page","link":"http:\/\/www.alle-tiders.no\/en\/about-us\/","title":{"rendered":"About us"},"content":{"rendered":"\n\n\t<p>Utforsk norsk kvalitet og tradisjon<\/p>\n<h1>\n\t\tVi har samlet det beste av Norge under ett tak\n\t<\/h1>\n\t<p>Oppdag v\u00e5re produkter, n\u00f8ye utvalgt for \u00e5 gi deg det beste av Norge. Hver kategori har noe unikt \u00e5 tilby:<\/p>\n\t\t\t<a href=\"#produkter\" target=\"_self\">\n\t\t\t\t\t\t\tSe hva vi tilbyr\n\t\t\t\t\t<\/a>\n\t\t\t\t<img loading=\"lazy\" decoding=\"async\" src=\"http:\/\/www.alle-tiders.no\/wp-content\/uploads\/2025\/01\/2222111.png\" alt=\"2222111\" itemprop=\"image\" height=\"608\" width=\"639\" title=\"2222111\" onerror=\"this.style.display='none'\"  \/>\n<h2>\n\t\tNoen av v\u00e5re produkter\n\t<\/h2>\n\t<p>Vi har et stort utvalg av Norske produkter: Tekstiler &#8211; Troll &#8211; Juleting &#8211; Norske delikatesser &#8211; Viking suveriner<\/p>\n\t\t\t<a href=\"http:\/\/www.alle-tiders.no\/butikkene-vare\/\" target=\"_self\">\n\t\t\t\t\t\t\tBes\u00f8k v\u00e5re butikker\n\t\t\t\t\t<\/a>\n\n","protected":false},"excerpt":{"rendered":"<p>Utforsk norsk kvalitet og tradisjon Vi har samlet det beste av Norge under ett tak Oppdag v\u00e5re produkter, n\u00f8ye utvalgt for \u00e5 gi deg det beste av Norge. Hver kategori har noe unikt \u00e5 tilby: Se hva vi tilbyr Noen av v\u00e5re produkter Vi har et stort utvalg av Norske produkter: Tekstiler &#8211; Troll &#8211;&hellip;<\/p>\n","protected":false},"author":2,"featured_media":0,"parent":0,"menu_order":0,"comment_status":"closed","ping_status":"closed","template":"","meta":{"_acf_changed":false,"inline_featured_image":false,"footnotes":""},"class_list":["post-15633","page","type-page","status-publish","hentry"],"acf":[],"_links":{"self":[{"href":"http:\/\/www.alle-tiders.no\/en\/wp-json\/wp\/v2\/pages\/15633","targetHints":{"allow":["GET"]}}],"collection":[{"href":"http:\/\/www.alle-tiders.no\/en\/wp-json\/wp\/v2\/pages"}],"about":[{"href":"http:\/\/www.alle-tiders.no\/en\/wp-json\/wp\/v2\/types\/page"}],"author":[{"embeddable":true,"href":"http:\/\/www.alle-tiders.no\/en\/wp-json\/wp\/v2\/users\/2"}],"replies":[{"embeddable":true,"href":"http:\/\/www.alle-tiders.no\/en\/wp-json\/wp\/v2\/comments?post=15633"}],"version-history":[{"count":0,"href":"http:\/\/www.alle-tiders.no\/en\/wp-json\/wp\/v2\/pages\/15633\/revisions"}],"wp:attachment":[{"href":"http:\/\/www.alle-tiders.no\/en\/wp-json\/wp\/v2\/media?parent=15633"}],"curies":[{"name":"wp","href":"https:\/\/api.w.org\/{rel}","templated":true}]}}