{"id":15609,"date":"2022-03-25T09:34:06","date_gmt":"2022-03-25T08:34:06","guid":{"rendered":"http:\/\/www.alle-tiders.no\/hjem\/"},"modified":"2025-02-03T10:35:43","modified_gmt":"2025-02-03T09:35:43","slug":"hjem","status":"publish","type":"page","link":"http:\/\/www.alle-tiders.no\/en\/","title":{"rendered":"Home page"},"content":{"rendered":"\r\n<p><i>Klar for et eventyr? Bes\u00f8k oss i dag!<\/i><\/p>\r\n<h1>Opplev Norge! &#8211; Ta med en bit av v\u00e5r kultur hjem<\/h1>\r\n<p>Velkommen til v\u00e5re butikker! Utforsk autentiske norske suvenirer, tradisjonelle tekstiler og delikatesser midt i hjertet av Oslo.<\/p>\r\n<p><a href=\"\/om-oss\" target=\"_self\"> Les mer om oss <\/a> <a href=\"http:\/\/www.alle-tiders.no\/butikkene-vare\/\" target=\"_self\"> Se hvor vi holder til <\/a> <img loading=\"lazy\" decoding=\"async\" title=\"Group 19\" src=\"http:\/\/www.alle-tiders.no\/wp-content\/uploads\/2025\/01\/Group-19.png\" alt=\"Group 19\" width=\"3947\" height=\"3112\" \/><\/p>\r\n<figure><img loading=\"lazy\" decoding=\"async\" src=\"http:\/\/www.alle-tiders.no\/wp-content\/uploads\/2025\/01\/Skjermbilde-2025-01-29-111747.png\" srcset=\"http:\/\/www.alle-tiders.no\/wp-content\/uploads\/2025\/01\/Skjermbilde-2025-01-29-111747.png 519w, http:\/\/www.alle-tiders.no\/wp-content\/uploads\/2025\/01\/Skjermbilde-2025-01-29-111747-300x102.png 300w\" alt=\"\" width=\"519\" height=\"176\" \/><\/figure>\r\n<figure><img loading=\"lazy\" decoding=\"async\" src=\"http:\/\/www.alle-tiders.no\/wp-content\/uploads\/2025\/01\/Skjermbilde-2025-01-29-111730.png\" srcset=\"http:\/\/www.alle-tiders.no\/wp-content\/uploads\/2025\/01\/Skjermbilde-2025-01-29-111730.png 522w, http:\/\/www.alle-tiders.no\/wp-content\/uploads\/2025\/01\/Skjermbilde-2025-01-29-111730-300x79.png 300w\" alt=\"\" width=\"522\" height=\"138\" \/><\/figure>\r\n<figure><img loading=\"lazy\" decoding=\"async\" src=\"http:\/\/www.alle-tiders.no\/wp-content\/uploads\/2025\/01\/Skjermbilde-2025-01-29-111714.png\" srcset=\"http:\/\/www.alle-tiders.no\/wp-content\/uploads\/2025\/01\/Skjermbilde-2025-01-29-111714.png 522w, http:\/\/www.alle-tiders.no\/wp-content\/uploads\/2025\/01\/Skjermbilde-2025-01-29-111714-300x78.png 300w\" alt=\"\" width=\"522\" height=\"135\" \/><\/figure>\r\n<figure><img loading=\"lazy\" decoding=\"async\" src=\"http:\/\/www.alle-tiders.no\/wp-content\/uploads\/2025\/01\/Skjermbilde-2025-01-29-111650.png\" srcset=\"http:\/\/www.alle-tiders.no\/wp-content\/uploads\/2025\/01\/Skjermbilde-2025-01-29-111650.png 521w, http:\/\/www.alle-tiders.no\/wp-content\/uploads\/2025\/01\/Skjermbilde-2025-01-29-111650-300x79.png 300w\" alt=\"\" width=\"521\" height=\"137\" \/><\/figure>\r\n<figure><img loading=\"lazy\" decoding=\"async\" src=\"http:\/\/www.alle-tiders.no\/wp-content\/uploads\/2025\/01\/Skjermbilde-2025-01-29-111629.png\" srcset=\"http:\/\/www.alle-tiders.no\/wp-content\/uploads\/2025\/01\/Skjermbilde-2025-01-29-111629.png 519w, http:\/\/www.alle-tiders.no\/wp-content\/uploads\/2025\/01\/Skjermbilde-2025-01-29-111629-300x69.png 300w\" alt=\"\" width=\"519\" height=\"120\" \/><\/figure>\r\n<figure><img loading=\"lazy\" decoding=\"async\" src=\"http:\/\/www.alle-tiders.no\/wp-content\/uploads\/2025\/01\/Skjermbilde-2025-01-29-111609.png\" srcset=\"http:\/\/www.alle-tiders.no\/wp-content\/uploads\/2025\/01\/Skjermbilde-2025-01-29-111609.png 522w, http:\/\/www.alle-tiders.no\/wp-content\/uploads\/2025\/01\/Skjermbilde-2025-01-29-111609-300x101.png 300w\" alt=\"\" width=\"522\" height=\"176\" \/><\/figure>\r\n<figure><img loading=\"lazy\" decoding=\"async\" src=\"http:\/\/www.alle-tiders.no\/wp-content\/uploads\/2025\/01\/Skjermbilde-2025-01-29-111517.png\" srcset=\"http:\/\/www.alle-tiders.no\/wp-content\/uploads\/2025\/01\/Skjermbilde-2025-01-29-111517.png 519w, http:\/\/www.alle-tiders.no\/wp-content\/uploads\/2025\/01\/Skjermbilde-2025-01-29-111517-300x101.png 300w\" alt=\"\" width=\"519\" height=\"174\" \/><\/figure>\r\n<p>Oppdag V\u00e5re Skatter<\/p>\r\n<h2>Hva kan du finne hos oss?<\/h2>\r\n<p>Fra unike norske tekstiler til delikatesser og ikoniske suvenirer &#8211; vi har noe for alle.<\/p>\r\n<p><img loading=\"lazy\" decoding=\"async\" title=\"464820060_8942309789141985_7008466556177267617_n\" src=\"http:\/\/www.alle-tiders.no\/wp-content\/uploads\/2025\/01\/464820060_8942309789141985_7008466556177267617_n.jpg\" alt=\"464820060_8942309789141985_7008466556177267617_n\" width=\"611\" height=\"960\" \/> <img loading=\"lazy\" decoding=\"async\" title=\"464492271_8942309975808633_6374127118115757192_n\" src=\"http:\/\/www.alle-tiders.no\/wp-content\/uploads\/2025\/01\/464492271_8942309975808633_6374127118115757192_n.jpg\" alt=\"464492271_8942309975808633_6374127118115757192_n\" width=\"592\" height=\"960\" \/> <img loading=\"lazy\" decoding=\"async\" title=\"464790833_8945487505490880_7295962311610003854_n\" src=\"http:\/\/www.alle-tiders.no\/wp-content\/uploads\/2025\/01\/464790833_8945487505490880_7295962311610003854_n.jpg\" alt=\"464790833_8945487505490880_7295962311610003854_n\" width=\"540\" height=\"960\" \/> <a href=\"\/om-oss\" target=\"_self\"> Se flere produkter <\/a> <img loading=\"lazy\" decoding=\"async\" title=\"34415912_1919962428043458_7304392344197922816_n\" src=\"http:\/\/www.alle-tiders.no\/wp-content\/uploads\/2025\/01\/34415912_1919962428043458_7304392344197922816_n.jpg\" alt=\"34415912_1919962428043458_7304392344197922816_n\" width=\"2048\" height=\"1536\" \/><\/p>\r\n<p>Velkommen til v\u00e5re butikker<\/p>\r\n<h2>Utforsk v\u00e5re unike butikker i Oslo sentrum &#8211; fylt med norske skatter og tradisjoner<\/h2>\r\n<p><em>V\u00e5re butikker ligger sentralt i Oslo, perfekte stoppesteder for deg som \u00f8nsker \u00e5 ta med en bit av Norge hjem. Fra h\u00e5ndlagde tekstiler til smakfulle delikatesser &#8211; vi har noe for alle.<\/em><\/p>\r\n<p><a href=\"http:\/\/www.alle-tiders.no\/butikkene-vare\/\" target=\"_self\"> Oppdag v\u00e5re butikker <\/a><\/p>\r\n<p>Gj\u00f8r reisen din enda bedre med Global Blue<\/p>\r\n<h2>F\u00e5 momsen tilbake enkelt og raskt hos oss. Vi er her for \u00e5 hjelpe deg med tax-free shopping.<\/h2>\r\n<p>Handler du tax-free? Vi gj\u00f8r det enkelt for deg \u00e5 f\u00e5 refundert momsen f\u00f8r du reiser videre. Bes\u00f8k oss p\u00e5 Stortorvet 2 for en smidig og rask prosess.<\/p>\r\n<p><img loading=\"lazy\" decoding=\"async\" title=\"Global-Blue-Logo-New\" src=\"http:\/\/www.alle-tiders.no\/wp-content\/uploads\/2025\/01\/Global-Blue-Logo-New.png\" alt=\"Global-Blue-Logo-New\" width=\"3840\" height=\"2160\" \/> <a href=\"http:\/\/www.alle-tiders.no\/global-blue\/\" target=\"_self\"> Les mer om Global blue <\/a> <img loading=\"lazy\" decoding=\"async\" title=\"2022-12-10\" src=\"http:\/\/www.alle-tiders.no\/wp-content\/uploads\/2025\/01\/2022-12-10.jpg\" alt=\"2022-12-10\" width=\"382\" height=\"510\" \/><\/p>\r\n<h2>Kontakt oss<\/h2>\r\n<p>Lorem ipsum dolor sit amet, consectetur adipiscing elit. Fusce eget risus eu nibh placerat porta. Morbi vel urna mauris. Duis eget dictum nibh.<\/p>\r\n<p>&#8220;(P\u00e5krevd)&#8221; obligatorisk felt<\/p>\r\n<form id=\"gform_1\" action=\"\/?fl_builder#gf_1\" enctype=\"multipart\/form-data\" method=\"post\" novalidate=\"\" target=\"gform_ajax_frame_1\" data-formid=\"1\"><label class=\"gfield_label gform-field-label\" for=\"input_1_6\">Fullt navn(P\u00e5krevd)<\/label><input id=\"input_1_6\" class=\"large\" tabindex=\"100\" name=\"input_6\" type=\"text\" value=\"\" placeholder=\"Ditt fulle navn\" aria-required=\"true\" aria-invalid=\"false\" \/><label class=\"gfield_label gform-field-label\" for=\"input_1_10\">E-post(P\u00e5krevd)<\/label> <input id=\"input_1_10\" class=\"large\" tabindex=\"101\" name=\"input_10\" type=\"email\" value=\"\" placeholder=\"Din e-postadresse\" aria-required=\"true\" aria-invalid=\"false\" \/> <label class=\"gfield_label gform-field-label\" for=\"input_1_11\">Telefon(P\u00e5krevd)<\/label><input id=\"input_1_11\" class=\"large\" tabindex=\"102\" name=\"input_11\" type=\"tel\" value=\"\" placeholder=\"Ditt telefonnummer\" aria-required=\"true\" aria-invalid=\"false\" \/><label class=\"gfield_label gform-field-label\" for=\"input_1_5\">Din henvendelse(P\u00e5krevd)<\/label><textarea id=\"input_1_5\" class=\"textarea medium\" tabindex=\"103\" cols=\"50\" name=\"input_5\" rows=\"10\" placeholder=\"Gi oss en beskrivelse om hva henvendelsen gjelder ..\" aria-required=\"true\" aria-invalid=\"false\"><\/textarea><label class=\"gfield_label gform-field-label\" for=\"input_1_9\">CAPTCHA<\/label> <input id=\"gform_submit_button_1\" class=\"gform_button button\" tabindex=\"105\" type=\"submit\" value=\"Send melding\" \/> <input name=\"gform_ajax\" type=\"hidden\" value=\"form_id=1&amp;title=&amp;description=&amp;tabindex=100&amp;theme=gravity-theme&amp;hash=444a1f8f62e12582e606847429a0c467\" \/> <input class=\"gform_hidden\" name=\"gform_submission_method\" type=\"hidden\" value=\"iframe\" data-js=\"gform_submission_method_1\" \/> <input id=\"gform_theme_1\" class=\"gform_hidden\" name=\"gform_theme\" type=\"hidden\" value=\"gravity-theme\" data-js=\"gform_theme_1\" \/> <input id=\"gform_style_settings_1\" class=\"gform_hidden\" name=\"gform_style_settings\" type=\"hidden\" value=\"\" data-js=\"gform_style_settings_1\" \/> <input class=\"gform_hidden\" name=\"is_submit_1\" type=\"hidden\" value=\"1\" \/> <input class=\"gform_hidden\" name=\"gform_submit\" type=\"hidden\" value=\"1\" \/> <input class=\"gform_hidden\" name=\"gform_unique_id\" type=\"hidden\" value=\"\" \/> <input class=\"gform_hidden\" name=\"state_1\" type=\"hidden\" value=\"WyJbXSIsImQ2NWQyODYxOWJmNTBmNDlmN2QyYTI5NGMwMTI1MWZlIl0=\" \/> <input id=\"gform_target_page_number_1\" class=\"gform_hidden\" autocomplete=\"off\" name=\"gform_target_page_number_1\" type=\"hidden\" value=\"0\" \/> <input id=\"gform_source_page_number_1\" class=\"gform_hidden\" autocomplete=\"off\" name=\"gform_source_page_number_1\" type=\"hidden\" value=\"1\" \/> <input name=\"gform_field_values\" type=\"hidden\" value=\"\" \/><\/form>\r\n<p><iframe id=\"gform_ajax_frame_1\" style=\"display: none; width: 0px; height: 0px;\" title=\"This iframe contains the logic required to handle Ajax powered Gravity Forms.\" src=\"about:blank\" name=\"gform_ajax_frame_1\"><\/iframe><\/p>\r\n","protected":false},"excerpt":{"rendered":"<p>Klar for et eventyr? Bes\u00f8k oss i dag! Opplev Norge! &#8211; Ta med en bit av v\u00e5r kultur hjem Velkommen til v\u00e5re butikker! Utforsk autentiske norske suvenirer, tradisjonelle tekstiler og delikatesser midt i hjertet av Oslo. Les mer om oss Se hvor vi holder til Oppdag V\u00e5re Skatter Hva kan du finne hos oss? Fra&hellip;<\/p>\n","protected":false},"author":1,"featured_media":0,"parent":0,"menu_order":0,"comment_status":"closed","ping_status":"closed","template":"","meta":{"_acf_changed":false,"inline_featured_image":false,"footnotes":""},"class_list":["post-15609","page","type-page","status-publish","hentry"],"acf":[],"_links":{"self":[{"href":"http:\/\/www.alle-tiders.no\/en\/wp-json\/wp\/v2\/pages\/15609","targetHints":{"allow":["GET"]}}],"collection":[{"href":"http:\/\/www.alle-tiders.no\/en\/wp-json\/wp\/v2\/pages"}],"about":[{"href":"http:\/\/www.alle-tiders.no\/en\/wp-json\/wp\/v2\/types\/page"}],"author":[{"embeddable":true,"href":"http:\/\/www.alle-tiders.no\/en\/wp-json\/wp\/v2\/users\/1"}],"replies":[{"embeddable":true,"href":"http:\/\/www.alle-tiders.no\/en\/wp-json\/wp\/v2\/comments?post=15609"}],"version-history":[{"count":0,"href":"http:\/\/www.alle-tiders.no\/en\/wp-json\/wp\/v2\/pages\/15609\/revisions"}],"wp:attachment":[{"href":"http:\/\/www.alle-tiders.no\/en\/wp-json\/wp\/v2\/media?parent=15609"}],"curies":[{"name":"wp","href":"https:\/\/api.w.org\/{rel}","templated":true}]}}